{"id":82,"date":"2022-07-11T04:47:50","date_gmt":"2022-07-11T07:47:50","guid":{"rendered":"https:\/\/diferencialonline.com.br\/?page_id=82"},"modified":"2022-07-11T04:47:50","modified_gmt":"2022-07-11T07:47:50","slug":"equipe","status":"publish","type":"page","link":"https:\/\/diferencialonline.com.br\/index.php\/equipe\/","title":{"rendered":"Equipe"},"content":{"rendered":"<p>[et_pb_section fb_built=&#8221;1&#8243; _builder_version=&#8221;4.17.4&#8243; _module_preset=&#8221;default&#8221; background_color=&#8221;#007cba&#8221; custom_margin=&#8221;-57px|-148px||-132px||&#8221; global_colors_info=&#8221;{}&#8221; theme_builder_area=&#8221;post_content&#8221;][et_pb_row _builder_version=&#8221;4.17.4&#8243; _module_preset=&#8221;default&#8221; global_colors_info=&#8221;{}&#8221; theme_builder_area=&#8221;post_content&#8221;][et_pb_column type=&#8221;4_4&#8243; _builder_version=&#8221;4.17.4&#8243; _module_preset=&#8221;default&#8221; global_colors_info=&#8221;{}&#8221; theme_builder_area=&#8221;post_content&#8221;][et_pb_text _builder_version=&#8221;4.17.4&#8243; _module_preset=&#8221;default&#8221; header_font=&#8221;Lato|900|||||||&#8221; header_text_color=&#8221;#FFFFFF&#8221; header_font_size=&#8221;38px&#8221; hover_enabled=&#8221;0&#8243; header_text_shadow_style=&#8221;preset1&#8243; global_colors_info=&#8221;{}&#8221; theme_builder_area=&#8221;post_content&#8221; sticky_enabled=&#8221;0&#8243;]<\/p>\n<h1>Equipe<\/h1>\n<p>[\/et_pb_text][\/et_pb_column][\/et_pb_row][\/et_pb_section][et_pb_section fb_built=&#8221;1&#8243; _builder_version=&#8221;4.17.4&#8243; _module_preset=&#8221;default&#8221; global_colors_info=&#8221;{}&#8221; theme_builder_area=&#8221;post_content&#8221;][et_pb_row _builder_version=&#8221;4.17.4&#8243; _module_preset=&#8221;default&#8221; global_colors_info=&#8221;{}&#8221; theme_builder_area=&#8221;post_content&#8221;][et_pb_column type=&#8221;4_4&#8243; _builder_version=&#8221;4.17.4&#8243; _module_preset=&#8221;default&#8221; global_colors_info=&#8221;{}&#8221; theme_builder_area=&#8221;post_content&#8221;][et_pb_text _builder_version=&#8221;4.17.4&#8243; _module_preset=&#8221;default&#8221; hover_enabled=&#8221;0&#8243; global_colors_info=&#8221;{}&#8221; theme_builder_area=&#8221;post_content&#8221; sticky_enabled=&#8221;0&#8243;]<\/p>\n<p><strong>Alex Roosevelt Pinheiro<\/strong><br \/>Contador, consultor tribut\u00e1rio, formado na UNIFOR \u2013 Universidade de Fortaleza em 1996 com mais de 20 anos de experi\u00eancia na \u00e1rea cont\u00e1bil.<\/p>\n<p><strong>Maria Socorro Dias<\/strong><br \/>Contabilista,formada na FAMETRO \u2013 Faculdade Metropolitana de Fortaleza em 2006 com mais de 15 anos de experi\u00eancia nas \u00e1reas previdenci\u00e1rias e trabalhistas.<\/p>\n<p><strong>Antonio Emanuel Flor de Lima<\/strong><br \/>T\u00e9cnico em contabilidade.<\/p>\n<p>Parceiros:<\/p>\n<p><strong>Digi&amp;tal Networks:<\/strong><br \/>Desenvolvimento de websites (85) 3253.2856<\/p>\n<p><strong>Jo\u00e3o S\u00e1:<\/strong><br \/>Contador<\/p>\n<p>[\/et_pb_text][\/et_pb_column][\/et_pb_row][\/et_pb_section]<\/p>\n","protected":false},"excerpt":{"rendered":"<p>EquipeAlex Roosevelt PinheiroContador, consultor tribut\u00e1rio, formado na UNIFOR \u2013 Universidade de Fortaleza em 1996 com mais de 20 anos de experi\u00eancia na \u00e1rea cont\u00e1bil. Maria Socorro DiasContabilista,formada na FAMETRO \u2013 Faculdade Metropolitana de Fortaleza em 2006 com mais de 15 anos de experi\u00eancia nas \u00e1reas previdenci\u00e1rias e trabalhistas. Antonio Emanuel Flor de LimaT\u00e9cnico em contabilidade. [&hellip;]<\/p>\n","protected":false},"author":1,"featured_media":0,"parent":0,"menu_order":0,"comment_status":"closed","ping_status":"closed","template":"","meta":{"_et_pb_use_builder":"on","_et_pb_old_content":"","_et_gb_content_width":"","footnotes":""},"class_list":["post-82","page","type-page","status-publish","hentry"],"_links":{"self":[{"href":"https:\/\/diferencialonline.com.br\/index.php\/wp-json\/wp\/v2\/pages\/82","targetHints":{"allow":["GET"]}}],"collection":[{"href":"https:\/\/diferencialonline.com.br\/index.php\/wp-json\/wp\/v2\/pages"}],"about":[{"href":"https:\/\/diferencialonline.com.br\/index.php\/wp-json\/wp\/v2\/types\/page"}],"author":[{"embeddable":true,"href":"https:\/\/diferencialonline.com.br\/index.php\/wp-json\/wp\/v2\/users\/1"}],"replies":[{"embeddable":true,"href":"https:\/\/diferencialonline.com.br\/index.php\/wp-json\/wp\/v2\/comments?post=82"}],"version-history":[{"count":2,"href":"https:\/\/diferencialonline.com.br\/index.php\/wp-json\/wp\/v2\/pages\/82\/revisions"}],"predecessor-version":[{"id":84,"href":"https:\/\/diferencialonline.com.br\/index.php\/wp-json\/wp\/v2\/pages\/82\/revisions\/84"}],"wp:attachment":[{"href":"https:\/\/diferencialonline.com.br\/index.php\/wp-json\/wp\/v2\/media?parent=82"}],"curies":[{"name":"wp","href":"https:\/\/api.w.org\/{rel}","templated":true}]}}