{"id":86,"date":"2022-07-11T04:49:49","date_gmt":"2022-07-11T07:49:49","guid":{"rendered":"https:\/\/diferencialonline.com.br\/?page_id=86"},"modified":"2022-07-11T04:49:49","modified_gmt":"2022-07-11T07:49:49","slug":"clientes","status":"publish","type":"page","link":"https:\/\/diferencialonline.com.br\/index.php\/clientes\/","title":{"rendered":"Clientes"},"content":{"rendered":"<p>[et_pb_section fb_built=&#8221;1&#8243; _builder_version=&#8221;4.17.4&#8243; _module_preset=&#8221;default&#8221; background_color=&#8221;#007cba&#8221; custom_margin=&#8221;-57px|-148px||-132px||&#8221; global_colors_info=&#8221;{}&#8221; theme_builder_area=&#8221;post_content&#8221;][et_pb_row _builder_version=&#8221;4.17.4&#8243; _module_preset=&#8221;default&#8221; global_colors_info=&#8221;{}&#8221; theme_builder_area=&#8221;post_content&#8221;][et_pb_column type=&#8221;4_4&#8243; _builder_version=&#8221;4.17.4&#8243; _module_preset=&#8221;default&#8221; global_colors_info=&#8221;{}&#8221; theme_builder_area=&#8221;post_content&#8221;][et_pb_text _builder_version=&#8221;4.17.4&#8243; _module_preset=&#8221;default&#8221; header_font=&#8221;Lato|900|||||||&#8221; header_text_color=&#8221;#FFFFFF&#8221; header_font_size=&#8221;38px&#8221; hover_enabled=&#8221;0&#8243; header_text_shadow_style=&#8221;preset1&#8243; global_colors_info=&#8221;{}&#8221; theme_builder_area=&#8221;post_content&#8221; sticky_enabled=&#8221;0&#8243;]<\/p>\n<h1>Clientes<\/h1>\n<p>[\/et_pb_text][\/et_pb_column][\/et_pb_row][\/et_pb_section][et_pb_section fb_built=&#8221;1&#8243; _builder_version=&#8221;4.17.4&#8243; _module_preset=&#8221;default&#8221; global_colors_info=&#8221;{}&#8221; theme_builder_area=&#8221;post_content&#8221;][et_pb_row _builder_version=&#8221;4.17.4&#8243; _module_preset=&#8221;default&#8221; global_colors_info=&#8221;{}&#8221; theme_builder_area=&#8221;post_content&#8221;][et_pb_column type=&#8221;4_4&#8243; _builder_version=&#8221;4.17.4&#8243; _module_preset=&#8221;default&#8221; global_colors_info=&#8221;{}&#8221; theme_builder_area=&#8221;post_content&#8221;][et_pb_text _builder_version=&#8221;4.17.4&#8243; _module_preset=&#8221;default&#8221; hover_enabled=&#8221;0&#8243; global_colors_info=&#8221;{}&#8221; theme_builder_area=&#8221;post_content&#8221; sticky_enabled=&#8221;0&#8243;]<\/p>\n<h4>Alguns de nossos clientes satisfeitos<\/h4>\n<ul id=\"g1-list-1\" class=\"g1-list--icon g1-list--none \">\n<li><i class=\"icon-ok-sign g1-list__icon\"><\/i>C. F. de Macedo<\/li>\n<li><i class=\"icon-ok-sign g1-list__icon\"><\/i>Col\u00e9gio JK<\/li>\n<li><i class=\"icon-ok-sign g1-list__icon\"><\/i>IB Diesel<\/li>\n<li><i class=\"icon-ok-sign g1-list__icon\"><\/i>Jomaq<\/li>\n<li><i class=\"icon-ok-sign g1-list__icon\"><\/i>Layout Constru\u00e7\u00f5es<\/li>\n<li><i class=\"icon-ok-sign g1-list__icon\"><\/i>Litor\u00e2nea Confec\u00e7\u00f5es<\/li>\n<li><i class=\"icon-ok-sign g1-list__icon\"><\/i>Mercadinhos Tupinab\u00e1<\/li>\n<li><i class=\"icon-ok-sign g1-list__icon\"><\/i>Tamako Nordeste<\/li>\n<li><i class=\"icon-ok-sign g1-list__icon\"><\/i>Tecmar Transportes<\/li>\n<li><i class=\"icon-ok-sign g1-list__icon\"><\/i>Rodoplan Transportes<\/li>\n<li><i class=\"icon-ok-sign g1-list__icon\"><\/i>Supermaq<\/li>\n<li><i class=\"icon-ok-sign g1-list__icon\"><\/i>Vip M\u00e1quinas<\/li>\n<\/ul>\n<p>[\/et_pb_text][\/et_pb_column][\/et_pb_row][\/et_pb_section]<\/p>\n","protected":false},"excerpt":{"rendered":"<p>ClientesAlguns de nossos clientes satisfeitos C. F. de Macedo Col\u00e9gio JK IB Diesel Jomaq Layout Constru\u00e7\u00f5es Litor\u00e2nea Confec\u00e7\u00f5es Mercadinhos Tupinab\u00e1 Tamako Nordeste Tecmar Transportes Rodoplan Transportes Supermaq Vip M\u00e1quinas<\/p>\n","protected":false},"author":1,"featured_media":0,"parent":0,"menu_order":0,"comment_status":"closed","ping_status":"closed","template":"","meta":{"_et_pb_use_builder":"on","_et_pb_old_content":"","_et_gb_content_width":"","footnotes":""},"class_list":["post-86","page","type-page","status-publish","hentry"],"_links":{"self":[{"href":"https:\/\/diferencialonline.com.br\/index.php\/wp-json\/wp\/v2\/pages\/86","targetHints":{"allow":["GET"]}}],"collection":[{"href":"https:\/\/diferencialonline.com.br\/index.php\/wp-json\/wp\/v2\/pages"}],"about":[{"href":"https:\/\/diferencialonline.com.br\/index.php\/wp-json\/wp\/v2\/types\/page"}],"author":[{"embeddable":true,"href":"https:\/\/diferencialonline.com.br\/index.php\/wp-json\/wp\/v2\/users\/1"}],"replies":[{"embeddable":true,"href":"https:\/\/diferencialonline.com.br\/index.php\/wp-json\/wp\/v2\/comments?post=86"}],"version-history":[{"count":2,"href":"https:\/\/diferencialonline.com.br\/index.php\/wp-json\/wp\/v2\/pages\/86\/revisions"}],"predecessor-version":[{"id":88,"href":"https:\/\/diferencialonline.com.br\/index.php\/wp-json\/wp\/v2\/pages\/86\/revisions\/88"}],"wp:attachment":[{"href":"https:\/\/diferencialonline.com.br\/index.php\/wp-json\/wp\/v2\/media?parent=86"}],"curies":[{"name":"wp","href":"https:\/\/api.w.org\/{rel}","templated":true}]}}