{"id":89,"date":"2022-07-11T04:53:31","date_gmt":"2022-07-11T07:53:31","guid":{"rendered":"https:\/\/diferencialonline.com.br\/?page_id=89"},"modified":"2022-07-11T04:53:31","modified_gmt":"2022-07-11T07:53:31","slug":"servicos","status":"publish","type":"page","link":"https:\/\/diferencialonline.com.br\/index.php\/servicos\/","title":{"rendered":"Servi\u00e7os"},"content":{"rendered":"<p>[et_pb_section fb_built=&#8221;1&#8243; _builder_version=&#8221;4.17.4&#8243; _module_preset=&#8221;default&#8221; background_color=&#8221;#007cba&#8221; custom_margin=&#8221;-57px|-148px||-132px||&#8221; global_colors_info=&#8221;{}&#8221; theme_builder_area=&#8221;post_content&#8221;][et_pb_row _builder_version=&#8221;4.17.4&#8243; _module_preset=&#8221;default&#8221; global_colors_info=&#8221;{}&#8221; theme_builder_area=&#8221;post_content&#8221;][et_pb_column type=&#8221;4_4&#8243; _builder_version=&#8221;4.17.4&#8243; _module_preset=&#8221;default&#8221; global_colors_info=&#8221;{}&#8221; theme_builder_area=&#8221;post_content&#8221;][et_pb_text _builder_version=&#8221;4.17.4&#8243; _module_preset=&#8221;default&#8221; header_font=&#8221;Lato|900|||||||&#8221; header_text_color=&#8221;#FFFFFF&#8221; header_font_size=&#8221;38px&#8221; hover_enabled=&#8221;0&#8243; header_text_shadow_style=&#8221;preset1&#8243; global_colors_info=&#8221;{}&#8221; theme_builder_area=&#8221;post_content&#8221; sticky_enabled=&#8221;0&#8243;]<\/p>\n<h1>Servi\u00e7os<\/h1>\n<p>[\/et_pb_text][\/et_pb_column][\/et_pb_row][\/et_pb_section][et_pb_section fb_built=&#8221;1&#8243; _builder_version=&#8221;4.17.4&#8243; _module_preset=&#8221;default&#8221; global_colors_info=&#8221;{}&#8221; theme_builder_area=&#8221;post_content&#8221;][et_pb_row _builder_version=&#8221;4.17.4&#8243; _module_preset=&#8221;default&#8221; global_colors_info=&#8221;{}&#8221; theme_builder_area=&#8221;post_content&#8221;][et_pb_column type=&#8221;4_4&#8243; _builder_version=&#8221;4.17.4&#8243; _module_preset=&#8221;default&#8221; global_colors_info=&#8221;{}&#8221; theme_builder_area=&#8221;post_content&#8221;][et_pb_text _builder_version=&#8221;4.17.4&#8243; _module_preset=&#8221;default&#8221; hover_enabled=&#8221;0&#8243; global_colors_info=&#8221;{}&#8221; theme_builder_area=&#8221;post_content&#8221; sticky_enabled=&#8221;0&#8243;]<\/p>\n<h3>Segue abaixo a lista dos nossos principais servi\u00e7os:<\/h3>\n<p>&nbsp;<\/p>\n<h4>Abertura de Empresas:<\/h4>\n<ul id=\"g1-list-1\" class=\"g1-list--icon g1-list--none \">\n<li><i class=\"icon-edit-sign g1-list__icon\"><\/i>Elabora\u00e7\u00e3o de Contrato Social<\/li>\n<li><i class=\"icon-edit-sign g1-list__icon\"><\/i>Elabora\u00e7\u00e3o de Estatuto Social<\/li>\n<li><i class=\"icon-edit-sign g1-list__icon\"><\/i>Altera\u00e7\u00f5es de Contratos e Estatutos Sociais<\/li>\n<li><i class=\"icon-edit-sign g1-list__icon\"><\/i>Registro na Junta Comercial ou em Cart\u00f3rio<\/li>\n<li><i class=\"icon-edit-sign g1-list__icon\"><\/i>Inscri\u00e7\u00e3o no CNPJ<\/li>\n<li><i class=\"icon-edit-sign g1-list__icon\"><\/i>Inscri\u00e7\u00e3o na SEFAZ<\/li>\n<li><i class=\"icon-edit-sign g1-list__icon\"><\/i>Inscri\u00e7\u00e3o Municipal<\/li>\n<li><i class=\"icon-edit-sign g1-list__icon\"><\/i>Alvar\u00e1s<\/li>\n<li><i class=\"icon-edit-sign g1-list__icon\"><\/i>Registros de Livros Cont\u00e1beis e Fiscais<\/li>\n<li><i class=\"icon-edit-sign g1-list__icon\"><\/i>Distrato Social Servi\u00e7os Cont\u00e1beis:<\/li>\n<li><i class=\"icon-edit-sign g1-list__icon\"><\/i>Escritura\u00e7\u00e3o Cont\u00e1bil Lucro Real<\/li>\n<li><i class=\"icon-edit-sign g1-list__icon\"><\/i>Lucro Presumido<\/li>\n<li><i class=\"icon-edit-sign g1-list__icon\"><\/i>ME e EPP<\/li>\n<li><i class=\"icon-edit-sign g1-list__icon\"><\/i>Simples<\/li>\n<li><i class=\"icon-edit-sign g1-list__icon\"><\/i>Custos<\/li>\n<li><i class=\"icon-edit-sign g1-list__icon\"><\/i>Pis \/ Cofins n\u00e3o Cumulativos \u2013 Lei 10.833\/03<\/li>\n<li><i class=\"icon-edit-sign g1-list__icon\"><\/i>Balancete e Balan\u00e7os<\/li>\n<li><i class=\"icon-edit-sign g1-list__icon\"><\/i>Notas Explicativas<\/li>\n<li><i class=\"icon-edit-sign g1-list__icon\"><\/i>Publica\u00e7\u00f5es de Balan\u00e7os, Estatutos e Contratos Sociais, AGO, AGE, Aditivos\u2026etc<\/li>\n<\/ul>\n<p>&nbsp;<\/p>\n<hr \/>\n<div id=\"g1-divider-1\" class=\"g1-divider g1-divider--none g1-divider--noicon \"><\/div>\n<h4>Escritura\u00e7\u00e3o Fiscal:<\/h4>\n<ul id=\"g1-list-2\" class=\"g1-list--icon g1-list--none \">\n<li><i class=\"icon-edit-sign g1-list__icon\"><\/i>Escritura\u00e7\u00e3o dos Livros Fiscais<\/li>\n<li><i class=\"icon-edit-sign g1-list__icon\"><\/i>Apura\u00e7\u00e3o do Icms e Ipi<\/li>\n<li><i class=\"icon-edit-sign g1-list__icon\"><\/i>Invent\u00e1rio de Estoques<\/li>\n<\/ul>\n<p>&nbsp;<\/p>\n<hr \/>\n<div id=\"g1-divider-2\" class=\"g1-divider g1-divider--none g1-divider--noicon \"><\/div>\n<h4>Departamento Pessoal:<\/h4>\n<ul id=\"g1-list-3\" class=\"g1-list--icon g1-list--none \">\n<li><i class=\"icon-edit-sign g1-list__icon\"><\/i>Registro de Empregados<\/li>\n<li><i class=\"icon-edit-sign g1-list__icon\"><\/i>Folha de pagamento<\/li>\n<li><i class=\"icon-edit-sign g1-list__icon\"><\/i>Guias de recolhimento de FGTS, INSS, IRRF<\/li>\n<li><i class=\"icon-edit-sign g1-list__icon\"><\/i>Dirf e Rais<\/li>\n<li><i class=\"icon-edit-sign g1-list__icon\"><\/i>Homologa\u00e7\u00f5es de Rescis\u00f5es e Acordos Trabalhistas<\/li>\n<li><i class=\"icon-edit-sign g1-list__icon\"><\/i>INSS Aut\u00f4nomos<\/li>\n<li><i class=\"icon-edit-sign g1-list__icon\"><\/i>CAGED<\/li>\n<li><i class=\"icon-edit-sign g1-list__icon\"><\/i>PCMSO, PPRA, LTCAL, PPP, ASO<\/li>\n<\/ul>\n<p>&nbsp;<\/p>\n<hr \/>\n<div id=\"g1-divider-3\" class=\"g1-divider g1-divider--none g1-divider--noicon \"><\/div>\n<h4>Outros Servi\u00e7os Relevantes:<\/h4>\n<ul id=\"g1-list-4\" class=\"g1-list--icon g1-list--none \">\n<li><i class=\"icon-edit-sign g1-list__icon\"><\/i>Assessorias Fiscal, Tribut\u00e1ria e Trabalhista<\/li>\n<li><i class=\"icon-edit-sign g1-list__icon\"><\/i>Planejamento Tribut\u00e1rio<\/li>\n<li><i class=\"icon-edit-sign g1-list__icon\"><\/i>Planejamento de Gastos e Despesas<\/li>\n<li><i class=\"icon-edit-sign g1-list__icon\"><\/i>OBRIGA\u00c7\u00d5ES JUNTO AO FISCO<\/li>\n<li><i class=\"icon-edit-sign g1-list__icon\"><\/i>Declara\u00e7\u00f5es Junto a Receita Federal:<\/li>\n<li><i class=\"icon-edit-sign g1-list__icon\"><\/i>DIRPJ \u2013 (Empresa)<\/li>\n<li><i class=\"icon-edit-sign g1-list__icon\"><\/i>DIRPF \u2013 Ajuste Anual completa e Simplificada (S\u00f3cios)<\/li>\n<li><i class=\"icon-edit-sign g1-list__icon\"><\/i>DCTF<\/li>\n<li><i class=\"icon-edit-sign g1-list__icon\"><\/i>DACON<\/li>\n<li><i class=\"icon-edit-sign g1-list__icon\"><\/i>DITR \u2013 (IMPOSTO TERRITORIAL RURAL<\/li>\n<\/ul>\n<p>&nbsp;<\/p>\n<hr \/>\n<div id=\"g1-divider-4\" class=\"g1-divider g1-divider--none g1-divider--noicon \"><\/div>\n<h4>Servi\u00e7os Junto a Secretaria da Fazenda Estadual:<\/h4>\n<ul id=\"g1-list-5\" class=\"g1-list--icon g1-list--none \">\n<li><i class=\"icon-edit-sign g1-list__icon\"><\/i>DIEF<\/li>\n<li><i class=\"icon-edit-sign g1-list__icon\"><\/i>GIDEC<\/li>\n<li><i class=\"icon-edit-sign g1-list__icon\"><\/i>Cadastro e Altera\u00e7\u00f5es de Empresas e S\u00f3cios<\/li>\n<li><i class=\"icon-edit-sign g1-list__icon\"><\/i>Processo de Selagem de Notas Fiscais<\/li>\n<li><i class=\"icon-edit-sign g1-list__icon\"><\/i>Regulariza\u00e7\u00e3o de S\u00f3cios no CADINE<\/li>\n<li><i class=\"icon-edit-sign g1-list__icon\"><\/i>Custos<\/li>\n<li><i class=\"icon-edit-sign g1-list__icon\"><\/i>Acompanhamento de Fiscaliza\u00e7\u00f5es.<\/li>\n<\/ul>\n<p><em>\u201cDIFERENCIAL visando a sua redu\u00e7\u00e3o de Tributos e Despesas. A garantia de bons resultados que voc\u00ea quer e precisa.\u201d<\/em><\/p>\n<p>[\/et_pb_text][\/et_pb_column][\/et_pb_row][\/et_pb_section]<\/p>\n","protected":false},"excerpt":{"rendered":"<p>Servi\u00e7osSegue abaixo a lista dos nossos principais servi\u00e7os: &nbsp; Abertura de Empresas: Elabora\u00e7\u00e3o de Contrato Social Elabora\u00e7\u00e3o de Estatuto Social Altera\u00e7\u00f5es de Contratos e Estatutos Sociais Registro na Junta Comercial ou em Cart\u00f3rio Inscri\u00e7\u00e3o no CNPJ Inscri\u00e7\u00e3o na SEFAZ Inscri\u00e7\u00e3o Municipal Alvar\u00e1s Registros de Livros Cont\u00e1beis e Fiscais Distrato Social Servi\u00e7os Cont\u00e1beis: Escritura\u00e7\u00e3o Cont\u00e1bil Lucro [&hellip;]<\/p>\n","protected":false},"author":1,"featured_media":0,"parent":0,"menu_order":0,"comment_status":"closed","ping_status":"closed","template":"","meta":{"_et_pb_use_builder":"on","_et_pb_old_content":"","_et_gb_content_width":"","footnotes":""},"class_list":["post-89","page","type-page","status-publish","hentry"],"_links":{"self":[{"href":"https:\/\/diferencialonline.com.br\/index.php\/wp-json\/wp\/v2\/pages\/89","targetHints":{"allow":["GET"]}}],"collection":[{"href":"https:\/\/diferencialonline.com.br\/index.php\/wp-json\/wp\/v2\/pages"}],"about":[{"href":"https:\/\/diferencialonline.com.br\/index.php\/wp-json\/wp\/v2\/types\/page"}],"author":[{"embeddable":true,"href":"https:\/\/diferencialonline.com.br\/index.php\/wp-json\/wp\/v2\/users\/1"}],"replies":[{"embeddable":true,"href":"https:\/\/diferencialonline.com.br\/index.php\/wp-json\/wp\/v2\/comments?post=89"}],"version-history":[{"count":2,"href":"https:\/\/diferencialonline.com.br\/index.php\/wp-json\/wp\/v2\/pages\/89\/revisions"}],"predecessor-version":[{"id":92,"href":"https:\/\/diferencialonline.com.br\/index.php\/wp-json\/wp\/v2\/pages\/89\/revisions\/92"}],"wp:attachment":[{"href":"https:\/\/diferencialonline.com.br\/index.php\/wp-json\/wp\/v2\/media?parent=89"}],"curies":[{"name":"wp","href":"https:\/\/api.w.org\/{rel}","templated":true}]}}